{"id":85,"date":"2025-08-23T12:30:59","date_gmt":"2025-08-23T12:30:59","guid":{"rendered":"https:\/\/tanguyclerc.com\/?page_id=85"},"modified":"2025-09-03T20:18:07","modified_gmt":"2025-09-03T20:18:07","slug":"85-2","status":"publish","type":"page","link":"https:\/\/tanguyclerc.com\/?page_id=85","title":{"rendered":"L&rsquo;ESPACE D&rsquo;UN INSTANT"},"content":{"rendered":"\n<p><strong>L&rsquo;ESPACE D&rsquo;UN INSTANT<\/strong> <strong>(2020)<\/strong><\/p>\n\n\n\n<p class=\"has-medium-font-size\">Neufs bocaux en verre encapsulent des \u00e9l\u00e9ments tels que de la sciure de bois, du polystyr\u00e8ne ou encore une bille d&rsquo;acier. Ces \u00e9l\u00e9ments sont mis en mouvement via diff\u00e9rents syst\u00e8mes \u00e9lectrom\u00e9caniques dissimul\u00e9s dans l&rsquo;objet. Chacun de ces \u00e9chantillons est accompagn\u00e9 d&rsquo;un casque audio pour permettre une \u00e9coute immersive du contenu du bocal.<\/p>\n\n\n\n<div class=\"alignnormal\"><div id=\"metaslider-id-337\" style=\"width: 100%;\" class=\"ml-slider-3-105-0 metaslider metaslider-flex metaslider-337 ml-slider has-dots-nav ms-theme-architekt\" role=\"region\" aria-label=\"L&#039;Espace d&#039;un Instant\" data-height=\"1080\" data-width=\"1920\">\n    <div id=\"metaslider_container_337\">\n        <div id=\"metaslider_337\">\n            <ul aria-live='off' class='slides'>\n                <li style=\"display: block; width: 100%;\" class=\"slide-340 ms-image \" aria-roledescription=\"slide\" data-date=\"2025-09-03 19:59:50\" data-filename=\"20211002_NB2021_elegenty-44Web-1920x1080.jpg\" data-slide-type=\"image\"><img loading=\"lazy\" decoding=\"async\" src=\"https:\/\/tanguyclerc.com\/wp-content\/uploads\/2025\/09\/20211002_NB2021_elegenty-44Web-1920x1080.jpg\" height=\"1080\" width=\"1920\" alt=\"\" class=\"slider-337 slide-340 msDefaultImage\" title=\"20211002_NB2021_elegenty--(44)Web\" \/><div class=\"caption-wrap\"><div class=\"caption\"><div> <div>Exposition personelle <em>Laps<\/em><\/div> <div>Ecole et Centre d'Art Camille Lambert, Juvisy, 2021<\/div> <div>Image : Emilie Legenty<\/div> <div>\u00a0<\/div> <\/div><\/div><\/div><\/li>\n                <li style=\"display: none; width: 100%;\" class=\"slide-338 ms-image \" aria-roledescription=\"slide\" data-date=\"2025-09-03 19:59:49\" data-filename=\"2021-10-02-NB2021-MoiseFournier_Juvisy-19web-1920x1080.jpg\" data-slide-type=\"image\"><img loading=\"lazy\" decoding=\"async\" src=\"https:\/\/tanguyclerc.com\/wp-content\/uploads\/2025\/09\/2021-10-02-NB2021-MoiseFournier_Juvisy-19web-1920x1080.jpg\" height=\"1080\" width=\"1920\" alt=\"\" class=\"slider-337 slide-338 msDefaultImage\" title=\"2021-10-02-NB2021-MoiseFournier_Juvisy-(19)web\" \/><div class=\"caption-wrap\"><div class=\"caption\"><div>Exposition personelle <em>Laps<\/em><\/div> <div>Ecole et Centre d'Art Camille Lambert, Juvisy, 2021<\/div> <div>Image : Mo\u00efse Fournier<\/div><\/div><\/div><\/li>\n                <li style=\"display: none; width: 100%;\" class=\"slide-339 ms-image \" aria-roledescription=\"slide\" data-date=\"2025-09-03 19:59:50\" data-filename=\"20211002_NB2021_elegenty-45Web-1440x810.jpg\" data-slide-type=\"image\"><img loading=\"lazy\" decoding=\"async\" src=\"https:\/\/tanguyclerc.com\/wp-content\/uploads\/2025\/09\/20211002_NB2021_elegenty-45Web-1440x810.jpg\" height=\"1080\" width=\"1920\" alt=\"\" class=\"slider-337 slide-339 msDefaultImage\" title=\"20211002_NB2021_elegenty--(45)Web\" \/><div class=\"caption-wrap\"><div class=\"caption\"><div>Exposition personelle <em>Laps<\/em><\/div> <div>Ecole et Centre d'Art Camille Lambert, Juvisy, 2021<\/div> <div>Image : Emilie Legenty<\/div><\/div><\/div><\/li>\n                <li style=\"display: none; width: 100%;\" class=\"slide-342 ms-image \" aria-roledescription=\"slide\" data-date=\"2025-09-03 20:05:47\" data-filename=\"EI_zoomwoodweb.jpg\" data-slide-type=\"image\"><img loading=\"lazy\" decoding=\"async\" src=\"https:\/\/tanguyclerc.com\/wp-content\/uploads\/2025\/09\/EI_zoomwoodweb.jpg\" height=\"1080\" width=\"1920\" alt=\"\" class=\"slider-337 slide-342 msDefaultImage\" title=\"EI_zoomwoodweb\" \/><div class=\"caption-wrap\"><div class=\"caption\"><div> <div>Jeune Cr\u00e9ation, 69\u00e8me \u00e9dition<\/div> <div>D\u00e9tail#1<\/div> <\/div><\/div><\/div><\/li>\n                <li style=\"display: none; width: 100%;\" class=\"slide-343 ms-image \" aria-roledescription=\"slide\" data-date=\"2025-09-03 20:05:47\" data-filename=\"CLERC_LespaceDunInstant_JC69_MelodieGirard-2Web-1504x846.jpg\" data-slide-type=\"image\"><img loading=\"lazy\" decoding=\"async\" src=\"https:\/\/tanguyclerc.com\/wp-content\/uploads\/2025\/09\/CLERC_LespaceDunInstant_JC69_MelodieGirard-2Web-1504x846.jpg\" height=\"1080\" width=\"1920\" alt=\"\" class=\"slider-337 slide-343 msDefaultImage\" title=\"CLERC_LespaceDunInstant_JC69_MelodieGirard-(2)Web\" \/><div class=\"caption-wrap\"><div class=\"caption\"><div> <div>Jeune Cr\u00e9ation, 69\u00e8me \u00e9dition<\/div> <div>Image : M\u00e9lody Girard<\/div> <\/div><\/div><\/div><\/li>\n                <li style=\"display: none; width: 100%;\" class=\"slide-344 ms-image \" aria-roledescription=\"slide\" data-date=\"2025-09-03 20:05:47\" data-filename=\"EI_zoompolyweb.jpg\" data-slide-type=\"image\"><img loading=\"lazy\" decoding=\"async\" src=\"https:\/\/tanguyclerc.com\/wp-content\/uploads\/2025\/09\/EI_zoompolyweb.jpg\" height=\"1080\" width=\"1920\" alt=\"\" class=\"slider-337 slide-344 msDefaultImage\" title=\"EI_zoompolyweb\" \/><div class=\"caption-wrap\"><div class=\"caption\"><div> <div>Jeune Cr\u00e9ation, 69\u00e8me \u00e9dition<\/div> <div>D\u00e9tail#2<\/div> <\/div><\/div><\/div><\/li>\n            <\/ul>\n        <\/div>\n        \n    <\/div>\n<\/div><\/div>\n\n\n\n<figure class=\"wp-block-embed is-type-video is-provider-vimeo wp-block-embed-vimeo wp-embed-aspect-16-9 wp-has-aspect-ratio\"><div class=\"wp-block-embed__wrapper\">\n<iframe loading=\"lazy\" title=\"Tempetes\" src=\"https:\/\/player.vimeo.com\/video\/391580803?dnt=1&amp;app_id=122963\" width=\"500\" height=\"281\" frameborder=\"0\" allow=\"autoplay; fullscreen; picture-in-picture; clipboard-write; encrypted-media; web-share\" referrerpolicy=\"strict-origin-when-cross-origin\"><\/iframe>\n<\/div><\/figure>\n\n\n\n<figure class=\"wp-block-embed is-type-video is-provider-vimeo wp-block-embed-vimeo wp-embed-aspect-16-9 wp-has-aspect-ratio\"><div class=\"wp-block-embed__wrapper\">\n<iframe loading=\"lazy\" title=\"Soubresauts\" src=\"https:\/\/player.vimeo.com\/video\/391580637?dnt=1&amp;app_id=122963\" width=\"500\" height=\"281\" frameborder=\"0\" allow=\"autoplay; fullscreen; picture-in-picture; clipboard-write; encrypted-media; web-share\" referrerpolicy=\"strict-origin-when-cross-origin\"><\/iframe>\n<\/div><\/figure>\n\n\n\n<figure class=\"wp-block-embed is-type-video is-provider-vimeo wp-block-embed-vimeo wp-embed-aspect-16-9 wp-has-aspect-ratio\"><div class=\"wp-block-embed__wrapper\">\n<iframe loading=\"lazy\" title=\"Rondes\" src=\"https:\/\/player.vimeo.com\/video\/391580537?dnt=1&amp;app_id=122963\" width=\"500\" height=\"281\" frameborder=\"0\" allow=\"autoplay; fullscreen; picture-in-picture; clipboard-write; encrypted-media; web-share\" referrerpolicy=\"strict-origin-when-cross-origin\"><\/iframe>\n<\/div><\/figure>\n\n\n","protected":false},"excerpt":{"rendered":"<p>L&rsquo;ESPACE D&rsquo;UN INSTANT (2020) Neufs bocaux en verre encapsulent des \u00e9l\u00e9ments tels que de la sciure de bois, du polystyr\u00e8ne ou encore une bille d&rsquo;acier. Ces \u00e9l\u00e9ments sont mis en mouvement via diff\u00e9rents syst\u00e8mes \u00e9lectrom\u00e9caniques dissimul\u00e9s dans l&rsquo;objet. Chacun de ces \u00e9chantillons est accompagn\u00e9 d&rsquo;un casque audio pour permettre une \u00e9coute immersive du contenu du [&hellip;]<\/p>\n","protected":false},"author":1,"featured_media":0,"parent":0,"menu_order":0,"comment_status":"closed","ping_status":"closed","template":"page-no-title","meta":{"footnotes":""},"class_list":["post-85","page","type-page","status-publish","hentry"],"_links":{"self":[{"href":"https:\/\/tanguyclerc.com\/index.php?rest_route=\/wp\/v2\/pages\/85","targetHints":{"allow":["GET"]}}],"collection":[{"href":"https:\/\/tanguyclerc.com\/index.php?rest_route=\/wp\/v2\/pages"}],"about":[{"href":"https:\/\/tanguyclerc.com\/index.php?rest_route=\/wp\/v2\/types\/page"}],"author":[{"embeddable":true,"href":"https:\/\/tanguyclerc.com\/index.php?rest_route=\/wp\/v2\/users\/1"}],"replies":[{"embeddable":true,"href":"https:\/\/tanguyclerc.com\/index.php?rest_route=%2Fwp%2Fv2%2Fcomments&post=85"}],"version-history":[{"count":9,"href":"https:\/\/tanguyclerc.com\/index.php?rest_route=\/wp\/v2\/pages\/85\/revisions"}],"predecessor-version":[{"id":347,"href":"https:\/\/tanguyclerc.com\/index.php?rest_route=\/wp\/v2\/pages\/85\/revisions\/347"}],"wp:attachment":[{"href":"https:\/\/tanguyclerc.com\/index.php?rest_route=%2Fwp%2Fv2%2Fmedia&parent=85"}],"curies":[{"name":"wp","href":"https:\/\/api.w.org\/{rel}","templated":true}]}}