{"id":770,"date":"2025-11-03T09:14:07","date_gmt":"2025-11-03T09:14:07","guid":{"rendered":"https:\/\/tanguyclerc.com\/?page_id=770"},"modified":"2026-02-21T13:37:43","modified_gmt":"2026-02-21T13:37:43","slug":"770-2","status":"publish","type":"page","link":"https:\/\/tanguyclerc.com\/?page_id=770","title":{"rendered":"CYCLOMORPHE"},"content":{"rendered":"\n<p><strong>CYCLOMORPHE (2025)<\/strong><\/p>\n\n\n\n<p class=\"has-medium-font-size\">Le Cyclomorphe est une installation de <a href=\"https:\/\/www.dylancote.fr\/\">Dylan Cote<\/a> et Tanguy Clerc. L\u2019installation prend la forme d\u2019une machine de projection low-tech, activ\u00e9e par un v\u00e9lo. Lorsque le spectateur p\u00e9dale, un syst\u00e8me m\u00e9canique met en mouvement une trame transparente devant une s\u00e9rie d\u2019images imprim\u00e9es. Cette superposition cr\u00e9er des animations graphiques gr\u00e2ce au proc\u00e9d\u00e9 optique appel\u00e9 \u00abscanimation\u00bb, revisit\u00e9s dans un dispositif contemporain. Les images sont projet\u00e9es en grand format \u00e0 l\u2019aide d\u2019un vieux r\u00e9troprojecteur<em> upcycl\u00e9<\/em>, \u00e9quip\u00e9 d\u2019une LED puissante et inspir\u00e9 du projet open-source <a href=\"https:\/\/www.visiophare.org\/\">Visiophare<\/a> (duquel les artistes font partie). <\/p>\n\n\n\n<figure class=\"wp-block-embed is-type-video is-provider-youtube wp-block-embed-youtube wp-embed-aspect-16-9 wp-has-aspect-ratio\"><div class=\"wp-block-embed__wrapper\">\n<iframe loading=\"lazy\" title=\"Cyclomorphe - Nuit Blanche 2025\" width=\"500\" height=\"281\" src=\"https:\/\/www.youtube.com\/embed\/IxTYIZPNL38?feature=oembed\" frameborder=\"0\" allow=\"accelerometer; autoplay; clipboard-write; encrypted-media; gyroscope; picture-in-picture; web-share\" referrerpolicy=\"strict-origin-when-cross-origin\" allowfullscreen><\/iframe>\n<\/div><\/figure>\n\n\n\n<div class=\"alignnormal\"><div id=\"metaslider-id-795\" style=\"width: 100%;\" class=\"ml-slider-3-105-0 metaslider metaslider-flex metaslider-795 ml-slider has-dots-nav ms-theme-default-base\" role=\"region\" aria-label=\"Cyclomorphe\" data-height=\"1080\" data-width=\"1920\">\n    <div id=\"metaslider_container_795\">\n        <div id=\"metaslider_795\">\n            <ul aria-live='off' class='slides'>\n                <li style=\"display: block; width: 100%;\" class=\"slide-801 ms-image \" aria-roledescription=\"slide\" data-date=\"2025-11-03 09:12:45\" data-filename=\"cyclomorpheZero1Larochelle_2025-04-2-scaled-1920x1080.jpg\" data-slide-type=\"image\"><img loading=\"lazy\" decoding=\"async\" src=\"https:\/\/tanguyclerc.com\/wp-content\/uploads\/2025\/11\/cyclomorpheZero1Larochelle_2025-04-2-scaled-1920x1080.jpg\" height=\"1080\" width=\"1920\" alt=\"\" class=\"slider-795 slide-801 msDefaultImage\" title=\"cyclomorpheZero1Larochelle_2025-04 (2)\" \/><div class=\"caption-wrap\"><div class=\"caption\"><div>Festival Zero1, avril 2025<\/div><\/div><\/div><\/li>\n                <li style=\"display: none; width: 100%;\" class=\"slide-796 ms-image \" aria-roledescription=\"slide\" data-date=\"2025-11-03 09:12:45\" data-filename=\"cyclomorpheZero1Larochelle_2025-04-7-scaled-1920x1080.jpg\" data-slide-type=\"image\"><img loading=\"lazy\" decoding=\"async\" src=\"https:\/\/tanguyclerc.com\/wp-content\/uploads\/2025\/11\/cyclomorpheZero1Larochelle_2025-04-7-scaled-1920x1080.jpg\" height=\"1080\" width=\"1920\" alt=\"\" class=\"slider-795 slide-796 msDefaultImage\" title=\"cyclomorpheZero1Larochelle_2025-04 (7)\" \/><div class=\"caption-wrap\"><div class=\"caption\"><div>Festival Zero1, avril 2025<\/div><\/div><\/div><\/li>\n                <li style=\"display: none; width: 100%;\" class=\"slide-798 ms-image \" aria-roledescription=\"slide\" data-date=\"2025-11-03 09:12:45\" data-filename=\"cyclomorpheZero1Larochelle_2025-04-5-scaled-1920x1080.jpg\" data-slide-type=\"image\"><img loading=\"lazy\" decoding=\"async\" src=\"https:\/\/tanguyclerc.com\/wp-content\/uploads\/2025\/11\/cyclomorpheZero1Larochelle_2025-04-5-scaled-1920x1080.jpg\" height=\"1080\" width=\"1920\" alt=\"\" class=\"slider-795 slide-798 msDefaultImage\" title=\"cyclomorpheZero1Larochelle_2025-04 (5)\" \/><div class=\"caption-wrap\"><div class=\"caption\"><div>Festival Zero1, avril 2025<\/div><\/div><\/div><\/li>\n                <li style=\"display: none; width: 100%;\" class=\"slide-797 ms-image \" aria-roledescription=\"slide\" data-date=\"2025-11-03 09:12:45\" data-filename=\"cyclomorpheZero1Larochelle_2025-04-6-scaled-1920x1080.jpg\" data-slide-type=\"image\"><img loading=\"lazy\" decoding=\"async\" src=\"https:\/\/tanguyclerc.com\/wp-content\/uploads\/2025\/11\/cyclomorpheZero1Larochelle_2025-04-6-scaled-1920x1080.jpg\" height=\"1080\" width=\"1920\" alt=\"\" class=\"slider-795 slide-797 msDefaultImage\" title=\"cyclomorpheZero1Larochelle_2025-04 (6)\" \/><div class=\"caption-wrap\"><div class=\"caption\"><div>Festival Zero1, La Rochelle, avril 2025<\/div><\/div><\/div><\/li>\n                <li style=\"display: none; width: 100%;\" class=\"slide-799 ms-image \" aria-roledescription=\"slide\" data-date=\"2025-11-03 09:12:45\" data-filename=\"cyclomorpheZero1Larochelle_2025-04-4-scaled-1920x1080.jpg\" data-slide-type=\"image\"><img loading=\"lazy\" decoding=\"async\" src=\"https:\/\/tanguyclerc.com\/wp-content\/uploads\/2025\/11\/cyclomorpheZero1Larochelle_2025-04-4-scaled-1920x1080.jpg\" height=\"1080\" width=\"1920\" alt=\"\" class=\"slider-795 slide-799 msDefaultImage\" title=\"cyclomorpheZero1Larochelle_2025-04 (4)\" \/><div class=\"caption-wrap\"><div class=\"caption\"><div>Festival Zero1, La Rochelle, avril 2025<\/div><\/div><\/div><\/li>\n                <li style=\"display: none; width: 100%;\" class=\"slide-802 ms-image \" aria-roledescription=\"slide\" data-date=\"2025-11-03 09:12:45\" data-filename=\"cyclomorpheZero1Larochelle_2025-04-1-scaled-1920x1080.jpg\" data-slide-type=\"image\"><img loading=\"lazy\" decoding=\"async\" src=\"https:\/\/tanguyclerc.com\/wp-content\/uploads\/2025\/11\/cyclomorpheZero1Larochelle_2025-04-1-scaled-1920x1080.jpg\" height=\"1080\" width=\"1920\" alt=\"\" class=\"slider-795 slide-802 msDefaultImage\" title=\"cyclomorpheZero1Larochelle_2025-04 (1)\" \/><div class=\"caption-wrap\"><div class=\"caption\"><div>Festival Zero1, La Rochelle, avril 2025<\/div><\/div><\/div><\/li>\n                <li style=\"display: none; width: 100%;\" class=\"slide-800 ms-image \" aria-roledescription=\"slide\" data-date=\"2025-11-03 09:12:45\" data-filename=\"cyclomorpheZero1Larochelle_2025-04-3-scaled-1920x1080.jpg\" data-slide-type=\"image\"><img loading=\"lazy\" decoding=\"async\" src=\"https:\/\/tanguyclerc.com\/wp-content\/uploads\/2025\/11\/cyclomorpheZero1Larochelle_2025-04-3-scaled-1920x1080.jpg\" height=\"1080\" width=\"1920\" alt=\"\" class=\"slider-795 slide-800 msDefaultImage\" title=\"cyclomorpheZero1Larochelle_2025-04 (3)\" \/><div class=\"caption-wrap\"><div class=\"caption\"><div>Festival Zero1, La Rochelle, avril 2025<\/div><\/div><\/div><\/li>\n                <li style=\"display: none; width: 100%;\" class=\"slide-810 ms-image \" aria-roledescription=\"slide\" data-date=\"2025-11-03 09:28:39\" data-filename=\"cycomorphe_MainDoeuvreNuitBlanche_2025-06-4-scaled-1920x1080.jpg\" data-slide-type=\"image\"><img loading=\"lazy\" decoding=\"async\" src=\"https:\/\/tanguyclerc.com\/wp-content\/uploads\/2025\/11\/cycomorphe_MainDoeuvreNuitBlanche_2025-06-4-scaled-1920x1080.jpg\" height=\"1080\" width=\"1920\" alt=\"\" class=\"slider-795 slide-810 msDefaultImage\" title=\"cycomorphe_MainDoeuvreNuitBlanche_2025-06 (4)\" \/><div class=\"caption-wrap\"><div class=\"caption\"><div>Nuit Blanche, Paris, juin 2025<\/div><\/div><\/div><\/li>\n                <li style=\"display: none; width: 100%;\" class=\"slide-812 ms-image \" aria-roledescription=\"slide\" data-date=\"2025-11-03 09:28:39\" data-filename=\"cycomorphe_MainDoeuvreNuitBlanche_2025-06-2-scaled-1920x1080.jpg\" data-slide-type=\"image\"><img loading=\"lazy\" decoding=\"async\" src=\"https:\/\/tanguyclerc.com\/wp-content\/uploads\/2025\/11\/cycomorphe_MainDoeuvreNuitBlanche_2025-06-2-scaled-1920x1080.jpg\" height=\"1080\" width=\"1920\" alt=\"\" class=\"slider-795 slide-812 msDefaultImage\" title=\"cycomorphe_MainDoeuvreNuitBlanche_2025-06 (2)\" \/><div class=\"caption-wrap\"><div class=\"caption\"><div>Nuit Blanche, Paris, juin 2025<\/div><\/div><\/div><\/li>\n                <li style=\"display: none; width: 100%;\" class=\"slide-813 ms-image \" aria-roledescription=\"slide\" data-date=\"2025-11-03 09:28:39\" data-filename=\"cycomorphe_MainDoeuvreNuitBlanche_2025-06-1-scaled-1920x1080.jpg\" data-slide-type=\"image\"><img loading=\"lazy\" decoding=\"async\" src=\"https:\/\/tanguyclerc.com\/wp-content\/uploads\/2025\/11\/cycomorphe_MainDoeuvreNuitBlanche_2025-06-1-scaled-1920x1080.jpg\" height=\"1080\" width=\"1920\" alt=\"\" class=\"slider-795 slide-813 msDefaultImage\" title=\"cycomorphe_MainDoeuvreNuitBlanche_2025-06 (1)\" \/><div class=\"caption-wrap\"><div class=\"caption\"><div>Nuit Blanche, Paris, juin 2025<\/div><\/div><\/div><\/li>\n            <\/ul>\n        <\/div>\n        \n    <\/div>\n<\/div><\/div>\n\n\n\n<p class=\"has-medium-font-size\">R\u00e9alis\u00e9e avec le soutien du festival Zero1 et de l\u2019Agence Nationale de la Recherche, et inspir\u00e9e par une s\u00e9rie de discussions avec les chercheuses Jeanne Lallement et Florence de Ferran. Les travaux de ces derni\u00e8res soulignent l\u2019importance d\u2019une approche sensible dans la promotion des mobilit\u00e9s douces comme moyen de lutte contre l\u2019impact \u00e9cocidaire des modes de transport carbon\u00e9s.<br><br>Hybride et \u00e0 cheval entre les \u00e9poques, l\u2019installation se pr\u00e9sente comme une machine-sculpture imposante, volontairement en d\u00e9calage avec les outils num\u00e9riques actuels. Bruyante, m\u00e9canique et volumineuse, <em>Cyclomorphe<\/em> cherche \u00e0 renverser la logique de la \u201cbo\u00eete noire\u201d en rendant visibles les m\u00e9canismes derri\u00e8re l\u2019image. Le spectateur est invit\u00e9 \u00e0 observer le processus de cr\u00e9ation visuelle et \u00e0 interagir avec lui en modifiant les calques pos\u00e9s sur le dispositif.<br><br><em>Cyclomorphe<\/em> n\u2019est pas seulement une recherche autour de l\u2019image en mouvement, mais une proposition d\u2019une autre mani\u00e8re de la produire et de la partager, une mani\u00e8re ouverte, sobre et accessible \u00e0 tous.<\/p>\n","protected":false},"excerpt":{"rendered":"<p>CYCLOMORPHE (2025) Le Cyclomorphe est une installation de Dylan Cote et Tanguy Clerc. L\u2019installation prend la forme d\u2019une machine de projection low-tech, activ\u00e9e par un v\u00e9lo. Lorsque le spectateur p\u00e9dale, un syst\u00e8me m\u00e9canique met en mouvement une trame transparente devant une s\u00e9rie d\u2019images imprim\u00e9es. Cette superposition cr\u00e9er des animations graphiques gr\u00e2ce au proc\u00e9d\u00e9 optique appel\u00e9 [&hellip;]<\/p>\n","protected":false},"author":1,"featured_media":0,"parent":0,"menu_order":0,"comment_status":"closed","ping_status":"closed","template":"page-no-title","meta":{"footnotes":""},"class_list":["post-770","page","type-page","status-publish","hentry"],"_links":{"self":[{"href":"https:\/\/tanguyclerc.com\/index.php?rest_route=\/wp\/v2\/pages\/770","targetHints":{"allow":["GET"]}}],"collection":[{"href":"https:\/\/tanguyclerc.com\/index.php?rest_route=\/wp\/v2\/pages"}],"about":[{"href":"https:\/\/tanguyclerc.com\/index.php?rest_route=\/wp\/v2\/types\/page"}],"author":[{"embeddable":true,"href":"https:\/\/tanguyclerc.com\/index.php?rest_route=\/wp\/v2\/users\/1"}],"replies":[{"embeddable":true,"href":"https:\/\/tanguyclerc.com\/index.php?rest_route=%2Fwp%2Fv2%2Fcomments&post=770"}],"version-history":[{"count":7,"href":"https:\/\/tanguyclerc.com\/index.php?rest_route=\/wp\/v2\/pages\/770\/revisions"}],"predecessor-version":[{"id":858,"href":"https:\/\/tanguyclerc.com\/index.php?rest_route=\/wp\/v2\/pages\/770\/revisions\/858"}],"wp:attachment":[{"href":"https:\/\/tanguyclerc.com\/index.php?rest_route=%2Fwp%2Fv2%2Fmedia&parent=770"}],"curies":[{"name":"wp","href":"https:\/\/api.w.org\/{rel}","templated":true}]}}