{"id":706,"date":"2025-09-16T11:03:42","date_gmt":"2025-09-16T11:03:42","guid":{"rendered":"https:\/\/tanguyclerc.com\/?page_id=706"},"modified":"2025-09-16T12:55:30","modified_gmt":"2025-09-16T12:55:30","slug":"706-2","status":"publish","type":"page","link":"https:\/\/tanguyclerc.com\/?page_id=706","title":{"rendered":"VARIATIONS QUOTIDIENNES"},"content":{"rendered":"\n<p><strong>VARIATIONS QUOTIDIENNES (2013)<\/strong><\/p>\n\n\n\n<p class=\"has-medium-font-size\">Superposition de l&rsquo;enregistrement du d\u00e9compte de mes pas sur un trajet d\u00e9finit pendant une semaine. Pi\u00e8ce sonore press\u00e9e sur vinyle, exemplaire unique.<\/p>\n\n\n\n<figure class=\"wp-block-audio\"><audio controls src=\"http:\/\/tanguyclerc.com\/wp-content\/uploads\/2025\/09\/Compositions-Journalieres.mp3\"><\/audio><\/figure>\n\n\n\n<figure class=\"wp-block-image size-large\"><img loading=\"lazy\" decoding=\"async\" width=\"1024\" height=\"576\" src=\"http:\/\/tanguyclerc.com\/wp-content\/uploads\/2025\/08\/VARIATIONS-QUOTIDIENNES-1024x576.jpg\" alt=\"\" class=\"wp-image-224\" srcset=\"https:\/\/tanguyclerc.com\/wp-content\/uploads\/2025\/08\/VARIATIONS-QUOTIDIENNES-1024x576.jpg 1024w, https:\/\/tanguyclerc.com\/wp-content\/uploads\/2025\/08\/VARIATIONS-QUOTIDIENNES-300x169.jpg 300w, https:\/\/tanguyclerc.com\/wp-content\/uploads\/2025\/08\/VARIATIONS-QUOTIDIENNES-768x432.jpg 768w, https:\/\/tanguyclerc.com\/wp-content\/uploads\/2025\/08\/VARIATIONS-QUOTIDIENNES-1536x864.jpg 1536w, https:\/\/tanguyclerc.com\/wp-content\/uploads\/2025\/08\/VARIATIONS-QUOTIDIENNES.jpg 1920w\" sizes=\"auto, (max-width: 1024px) 100vw, 1024px\" \/><\/figure>\n","protected":false},"excerpt":{"rendered":"<p>VARIATIONS QUOTIDIENNES (2013) Superposition de l&rsquo;enregistrement du d\u00e9compte de mes pas sur un trajet d\u00e9finit pendant une semaine. Pi\u00e8ce sonore press\u00e9e sur vinyle, exemplaire unique.<\/p>\n","protected":false},"author":1,"featured_media":0,"parent":0,"menu_order":0,"comment_status":"closed","ping_status":"closed","template":"page-no-title","meta":{"footnotes":""},"class_list":["post-706","page","type-page","status-publish","hentry"],"_links":{"self":[{"href":"https:\/\/tanguyclerc.com\/index.php?rest_route=\/wp\/v2\/pages\/706","targetHints":{"allow":["GET"]}}],"collection":[{"href":"https:\/\/tanguyclerc.com\/index.php?rest_route=\/wp\/v2\/pages"}],"about":[{"href":"https:\/\/tanguyclerc.com\/index.php?rest_route=\/wp\/v2\/types\/page"}],"author":[{"embeddable":true,"href":"https:\/\/tanguyclerc.com\/index.php?rest_route=\/wp\/v2\/users\/1"}],"replies":[{"embeddable":true,"href":"https:\/\/tanguyclerc.com\/index.php?rest_route=%2Fwp%2Fv2%2Fcomments&post=706"}],"version-history":[{"count":4,"href":"https:\/\/tanguyclerc.com\/index.php?rest_route=\/wp\/v2\/pages\/706\/revisions"}],"predecessor-version":[{"id":736,"href":"https:\/\/tanguyclerc.com\/index.php?rest_route=\/wp\/v2\/pages\/706\/revisions\/736"}],"wp:attachment":[{"href":"https:\/\/tanguyclerc.com\/index.php?rest_route=%2Fwp%2Fv2%2Fmedia&parent=706"}],"curies":[{"name":"wp","href":"https:\/\/api.w.org\/{rel}","templated":true}]}}