{"id":402,"date":"2025-09-11T10:13:35","date_gmt":"2025-09-11T10:13:35","guid":{"rendered":"https:\/\/tanguyclerc.com\/?page_id=402"},"modified":"2026-02-21T10:11:41","modified_gmt":"2026-02-21T10:11:41","slug":"402-2","status":"publish","type":"page","link":"https:\/\/tanguyclerc.com\/?page_id=402","title":{"rendered":"BRUITS CLOS"},"content":{"rendered":"\n<p><strong>BRUITS CLOS<\/strong> <strong>(2024)<\/strong><\/p>\n\n\n\n<p class=\"has-medium-font-size\">Exposition personnelle \u00e0 la Chapelle des J\u00e9suites de Chaumont de septembre \u00e0 d\u00e9cembre 2024.<\/p>\n\n\n\n<p class=\"has-medium-font-size\">\u00e0 propos de l&rsquo;exposition : <a href=\"https:\/\/jhm.fr\/lexposition-bruits-clos-inaugure-la-saison-culturelle\/\">https:\/\/jhm.fr\/lexposition-bruits-clos-inaugure-la-saison-culturelle\/<\/a><\/p>\n\n\n\n<figure class=\"wp-block-embed is-type-video is-provider-youtube wp-block-embed-youtube wp-embed-aspect-16-9 wp-has-aspect-ratio\"><div class=\"wp-block-embed__wrapper\">\n<iframe loading=\"lazy\" title=\"Exposition Bruits Clos - 2024\" width=\"500\" height=\"281\" src=\"https:\/\/www.youtube.com\/embed\/3oxZWqLXQbY?feature=oembed\" frameborder=\"0\" allow=\"accelerometer; autoplay; clipboard-write; encrypted-media; gyroscope; picture-in-picture; web-share\" referrerpolicy=\"strict-origin-when-cross-origin\" allowfullscreen><\/iframe>\n<\/div><\/figure>\n\n\n\n<div class=\"alignnormal\"><div id=\"metaslider-id-420\" style=\"width: 100%;\" class=\"ml-slider-3-105-0 metaslider metaslider-flex metaslider-420 ml-slider has-dots-nav ms-theme-default-base\" role=\"region\" aria-label=\"Bruits Clos Expo Chaumont\" data-height=\"1080\" data-width=\"1920\">\n    <div id=\"metaslider_container_420\">\n        <div id=\"metaslider_420\">\n            <ul aria-live='off' class='slides'>\n                <li style=\"display: block; width: 100%;\" class=\"slide-662 ms-image \" aria-roledescription=\"slide\" data-date=\"2025-09-15 17:54:15\" data-filename=\"bande-passante.jpg\" data-slide-type=\"image\"><img loading=\"lazy\" decoding=\"async\" src=\"https:\/\/tanguyclerc.com\/wp-content\/uploads\/2025\/09\/bande-passante.jpg\" height=\"1080\" width=\"1920\" alt=\"\" class=\"slider-420 slide-662 msDefaultImage\" title=\"bande-passante\" \/><\/li>\n                <li style=\"display: none; width: 100%;\" class=\"slide-661 ms-image \" aria-roledescription=\"slide\" data-date=\"2025-09-15 17:54:15\" data-filename=\"affiche.jpg\" data-slide-type=\"image\"><img loading=\"lazy\" decoding=\"async\" src=\"https:\/\/tanguyclerc.com\/wp-content\/uploads\/2025\/09\/affiche.jpg\" height=\"1080\" width=\"1920\" alt=\"\" class=\"slider-420 slide-661 msDefaultImage\" title=\"affiche\" \/><\/li>\n                <li style=\"display: none; width: 100%;\" class=\"slide-664 ms-image \" aria-roledescription=\"slide\" data-date=\"2025-09-15 17:54:15\" data-filename=\"nage-libre-bruits-clos.jpg\" data-slide-type=\"image\"><img loading=\"lazy\" decoding=\"async\" src=\"https:\/\/tanguyclerc.com\/wp-content\/uploads\/2025\/09\/nage-libre-bruits-clos.jpg\" height=\"1080\" width=\"1920\" alt=\"\" class=\"slider-420 slide-664 msDefaultImage\" title=\"nage-libre-bruits-clos\" \/><\/li>\n                <li style=\"display: none; width: 100%;\" class=\"slide-663 ms-image \" aria-roledescription=\"slide\" data-date=\"2025-09-15 17:54:15\" data-filename=\"bande-passante-2.jpg\" data-slide-type=\"image\"><img loading=\"lazy\" decoding=\"async\" src=\"https:\/\/tanguyclerc.com\/wp-content\/uploads\/2025\/09\/bande-passante-2.jpg\" height=\"1080\" width=\"1920\" alt=\"\" class=\"slider-420 slide-663 msDefaultImage\" title=\"bande-passante-2\" \/><\/li>\n                <li style=\"display: none; width: 100%;\" class=\"slide-665 ms-image \" aria-roledescription=\"slide\" data-date=\"2025-09-15 17:54:15\" data-filename=\"nage-libre-bruits-clos2.jpg\" data-slide-type=\"image\"><img loading=\"lazy\" decoding=\"async\" src=\"https:\/\/tanguyclerc.com\/wp-content\/uploads\/2025\/09\/nage-libre-bruits-clos2.jpg\" height=\"1080\" width=\"1920\" alt=\"\" class=\"slider-420 slide-665 msDefaultImage\" title=\"nage-libre-bruits-clos2\" \/><\/li>\n                <li style=\"display: none; width: 100%;\" class=\"slide-666 ms-image \" aria-roledescription=\"slide\" data-date=\"2025-09-15 17:54:15\" data-filename=\"Sans-titre-1.jpg\" data-slide-type=\"image\"><img loading=\"lazy\" decoding=\"async\" src=\"https:\/\/tanguyclerc.com\/wp-content\/uploads\/2025\/09\/Sans-titre-1.jpg\" height=\"1080\" width=\"1920\" alt=\"\" class=\"slider-420 slide-666 msDefaultImage\" title=\"Sans-titre-1\" \/><\/li>\n                <li style=\"display: none; width: 100%;\" class=\"slide-680 ms-image \" aria-roledescription=\"slide\" data-date=\"2025-09-15 22:29:45\" data-filename=\"Sans-titre-3.jpg\" data-slide-type=\"image\"><img loading=\"lazy\" decoding=\"async\" src=\"https:\/\/tanguyclerc.com\/wp-content\/uploads\/2025\/09\/Sans-titre-3.jpg\" height=\"1080\" width=\"1920\" alt=\"\" class=\"slider-420 slide-680 msDefaultImage\" title=\"Sans-titre-3\" \/><\/li>\n                <li style=\"display: none; width: 100%;\" class=\"slide-667 ms-image \" aria-roledescription=\"slide\" data-date=\"2025-09-15 17:54:15\" data-filename=\"Sans-titre-2.jpg\" data-slide-type=\"image\"><img loading=\"lazy\" decoding=\"async\" src=\"https:\/\/tanguyclerc.com\/wp-content\/uploads\/2025\/09\/Sans-titre-2.jpg\" height=\"1080\" width=\"1920\" alt=\"\" class=\"slider-420 slide-667 msDefaultImage\" title=\"Sans-titre-2\" \/><\/li>\n                <li style=\"display: none; width: 100%;\" class=\"slide-681 ms-image \" aria-roledescription=\"slide\" data-date=\"2025-09-15 22:29:45\" data-filename=\"Sans-titre-4.jpg\" data-slide-type=\"image\"><img loading=\"lazy\" decoding=\"async\" src=\"https:\/\/tanguyclerc.com\/wp-content\/uploads\/2025\/09\/Sans-titre-4.jpg\" height=\"1080\" width=\"1920\" alt=\"\" class=\"slider-420 slide-681 msDefaultImage\" title=\"Sans-titre-4\" \/><\/li>\n                <li style=\"display: none; width: 100%;\" class=\"slide-682 ms-image \" aria-roledescription=\"slide\" data-date=\"2025-09-15 22:29:45\" data-filename=\"Sans-titre-5.jpg\" data-slide-type=\"image\"><img loading=\"lazy\" decoding=\"async\" src=\"https:\/\/tanguyclerc.com\/wp-content\/uploads\/2025\/09\/Sans-titre-5.jpg\" height=\"1080\" width=\"1920\" alt=\"\" class=\"slider-420 slide-682 msDefaultImage\" title=\"Sans-titre-5\" \/><\/li>\n                <li style=\"display: none; width: 100%;\" class=\"slide-683 ms-image \" aria-roledescription=\"slide\" data-date=\"2025-09-15 22:29:45\" data-filename=\"Sans-titre-6.jpg\" data-slide-type=\"image\"><img loading=\"lazy\" decoding=\"async\" src=\"https:\/\/tanguyclerc.com\/wp-content\/uploads\/2025\/09\/Sans-titre-6.jpg\" height=\"1080\" width=\"1920\" alt=\"\" class=\"slider-420 slide-683 msDefaultImage\" title=\"Sans-titre-6\" \/><\/li>\n                <li style=\"display: none; width: 100%;\" class=\"slide-684 ms-image \" aria-roledescription=\"slide\" data-date=\"2025-09-15 22:29:45\" data-filename=\"Sans-titre-7.jpg\" data-slide-type=\"image\"><img loading=\"lazy\" decoding=\"async\" src=\"https:\/\/tanguyclerc.com\/wp-content\/uploads\/2025\/09\/Sans-titre-7.jpg\" height=\"1080\" width=\"1920\" alt=\"\" class=\"slider-420 slide-684 msDefaultImage\" title=\"Sans-titre-7\" \/><\/li>\n            <\/ul>\n        <\/div>\n        \n    <\/div>\n<\/div><\/div>\n","protected":false},"excerpt":{"rendered":"<p>BRUITS CLOS (2024) Exposition personnelle \u00e0 la Chapelle des J\u00e9suites de Chaumont de septembre \u00e0 d\u00e9cembre 2024. \u00e0 propos de l&rsquo;exposition : https:\/\/jhm.fr\/lexposition-bruits-clos-inaugure-la-saison-culturelle\/<\/p>\n","protected":false},"author":1,"featured_media":0,"parent":0,"menu_order":0,"comment_status":"closed","ping_status":"closed","template":"page-no-title","meta":{"footnotes":""},"class_list":["post-402","page","type-page","status-publish","hentry"],"_links":{"self":[{"href":"https:\/\/tanguyclerc.com\/index.php?rest_route=\/wp\/v2\/pages\/402","targetHints":{"allow":["GET"]}}],"collection":[{"href":"https:\/\/tanguyclerc.com\/index.php?rest_route=\/wp\/v2\/pages"}],"about":[{"href":"https:\/\/tanguyclerc.com\/index.php?rest_route=\/wp\/v2\/types\/page"}],"author":[{"embeddable":true,"href":"https:\/\/tanguyclerc.com\/index.php?rest_route=\/wp\/v2\/users\/1"}],"replies":[{"embeddable":true,"href":"https:\/\/tanguyclerc.com\/index.php?rest_route=%2Fwp%2Fv2%2Fcomments&post=402"}],"version-history":[{"count":11,"href":"https:\/\/tanguyclerc.com\/index.php?rest_route=\/wp\/v2\/pages\/402\/revisions"}],"predecessor-version":[{"id":844,"href":"https:\/\/tanguyclerc.com\/index.php?rest_route=\/wp\/v2\/pages\/402\/revisions\/844"}],"wp:attachment":[{"href":"https:\/\/tanguyclerc.com\/index.php?rest_route=%2Fwp%2Fv2%2Fmedia&parent=402"}],"curies":[{"name":"wp","href":"https:\/\/api.w.org\/{rel}","templated":true}]}}