{"id":293,"date":"2025-09-03T16:44:35","date_gmt":"2025-09-03T16:44:35","guid":{"rendered":"https:\/\/tanguyclerc.com\/?page_id=293"},"modified":"2025-09-03T16:44:35","modified_gmt":"2025-09-03T16:44:35","slug":"33_45-2","status":"publish","type":"page","link":"https:\/\/tanguyclerc.com\/?page_id=293","title":{"rendered":"33_45"},"content":{"rendered":"\n<p><strong>33_45 (2014)<\/strong><\/p>\n\n\n\n<p class=\"has-medium-font-size\">R\u00e9gl\u00e9e respectivement \u00e0 33rpm et 45rpm, deux platines vinyles entrainent deux micros de karaok\u00e9 face \u00e0 leur haut parleur respectif. <\/p>\n\n\n\n<figure class=\"wp-block-embed is-type-video is-provider-vimeo wp-block-embed-vimeo wp-embed-aspect-16-9 wp-has-aspect-ratio\"><div class=\"wp-block-embed__wrapper\">\n<iframe loading=\"lazy\" title=\"33_45\" src=\"https:\/\/player.vimeo.com\/video\/223129801?dnt=1&amp;app_id=122963\" width=\"500\" height=\"281\" frameborder=\"0\" allow=\"autoplay; fullscreen; picture-in-picture; clipboard-write; encrypted-media; web-share\" referrerpolicy=\"strict-origin-when-cross-origin\"><\/iframe>\n<\/div><\/figure>\n","protected":false},"excerpt":{"rendered":"<p>33_45 (2014) R\u00e9gl\u00e9e respectivement \u00e0 33rpm et 45rpm, deux platines vinyles entrainent deux micros de karaok\u00e9 face \u00e0 leur haut parleur respectif.<\/p>\n","protected":false},"author":1,"featured_media":0,"parent":0,"menu_order":0,"comment_status":"closed","ping_status":"closed","template":"page-no-title","meta":{"footnotes":""},"class_list":["post-293","page","type-page","status-publish","hentry"],"_links":{"self":[{"href":"https:\/\/tanguyclerc.com\/index.php?rest_route=\/wp\/v2\/pages\/293","targetHints":{"allow":["GET"]}}],"collection":[{"href":"https:\/\/tanguyclerc.com\/index.php?rest_route=\/wp\/v2\/pages"}],"about":[{"href":"https:\/\/tanguyclerc.com\/index.php?rest_route=\/wp\/v2\/types\/page"}],"author":[{"embeddable":true,"href":"https:\/\/tanguyclerc.com\/index.php?rest_route=\/wp\/v2\/users\/1"}],"replies":[{"embeddable":true,"href":"https:\/\/tanguyclerc.com\/index.php?rest_route=%2Fwp%2Fv2%2Fcomments&post=293"}],"version-history":[{"count":2,"href":"https:\/\/tanguyclerc.com\/index.php?rest_route=\/wp\/v2\/pages\/293\/revisions"}],"predecessor-version":[{"id":865,"href":"https:\/\/tanguyclerc.com\/index.php?rest_route=\/wp\/v2\/pages\/293\/revisions\/865"}],"wp:attachment":[{"href":"https:\/\/tanguyclerc.com\/index.php?rest_route=%2Fwp%2Fv2%2Fmedia&parent=293"}],"curies":[{"name":"wp","href":"https:\/\/api.w.org\/{rel}","templated":true}]}}