{"id":279,"date":"2025-09-02T20:45:23","date_gmt":"2025-09-02T20:45:23","guid":{"rendered":"https:\/\/tanguyclerc.com\/?page_id=279"},"modified":"2026-02-21T13:32:30","modified_gmt":"2026-02-21T13:32:30","slug":"279-2","status":"publish","type":"page","link":"https:\/\/tanguyclerc.com\/?page_id=279","title":{"rendered":"HEURES PERDUES"},"content":{"rendered":"\n<p><strong>HEURES PERDUES<\/strong> <strong>(2025)<\/strong><\/p>\n\n\n\n<p class=\"has-medium-font-size\">Dans un lent bercement m\u00e9canique, une horloge comtoise se balance sur son propre pendule. Hallucination visuelle ou simple erreur de constructeur, <em>Heures Perdues<\/em> propose une inversion des r\u00f4les entre \u00e9l\u00e9ment technique utile et structure d\u00e9corative. L&rsquo;horloge vacille ainsi entre deux mondes, court-circuitant notre r\u00e9alit\u00e9, la suspendant au temps d&rsquo;un univers parall\u00e8le.<\/p>\n\n\n\n<figure class=\"wp-block-embed is-type-video is-provider-youtube wp-block-embed-youtube wp-embed-aspect-16-9 wp-has-aspect-ratio\"><div class=\"wp-block-embed__wrapper\">\n<iframe loading=\"lazy\" title=\"Heures Perdues\" width=\"500\" height=\"281\" src=\"https:\/\/www.youtube.com\/embed\/RqglOE_SP0o?feature=oembed\" frameborder=\"0\" allow=\"accelerometer; autoplay; clipboard-write; encrypted-media; gyroscope; picture-in-picture; web-share\" referrerpolicy=\"strict-origin-when-cross-origin\" allowfullscreen><\/iframe>\n<\/div><\/figure>\n\n\n\n<figure class=\"wp-block-image aligncenter size-large is-resized\"><img loading=\"lazy\" decoding=\"async\" width=\"576\" height=\"1024\" src=\"http:\/\/tanguyclerc.com\/wp-content\/uploads\/2026\/02\/heures-perdues-1-576x1024.jpg\" alt=\"\" class=\"wp-image-854\" style=\"width:424px;height:auto\" srcset=\"https:\/\/tanguyclerc.com\/wp-content\/uploads\/2026\/02\/heures-perdues-1-576x1024.jpg 576w, https:\/\/tanguyclerc.com\/wp-content\/uploads\/2026\/02\/heures-perdues-1-169x300.jpg 169w, https:\/\/tanguyclerc.com\/wp-content\/uploads\/2026\/02\/heures-perdues-1-768x1365.jpg 768w, https:\/\/tanguyclerc.com\/wp-content\/uploads\/2026\/02\/heures-perdues-1-864x1536.jpg 864w, https:\/\/tanguyclerc.com\/wp-content\/uploads\/2026\/02\/heures-perdues-1.jpg 1080w\" sizes=\"auto, (max-width: 576px) 100vw, 576px\" \/><\/figure>\n","protected":false},"excerpt":{"rendered":"<p>HEURES PERDUES (2025) Dans un lent bercement m\u00e9canique, une horloge comtoise se balance sur son propre pendule. Hallucination visuelle ou simple erreur de constructeur, Heures Perdues propose une inversion des r\u00f4les entre \u00e9l\u00e9ment technique utile et structure d\u00e9corative. L&rsquo;horloge vacille ainsi entre deux mondes, court-circuitant notre r\u00e9alit\u00e9, la suspendant au temps d&rsquo;un univers parall\u00e8le.<\/p>\n","protected":false},"author":1,"featured_media":0,"parent":0,"menu_order":0,"comment_status":"closed","ping_status":"closed","template":"page-no-title","meta":{"footnotes":""},"class_list":["post-279","page","type-page","status-publish","hentry"],"_links":{"self":[{"href":"https:\/\/tanguyclerc.com\/index.php?rest_route=\/wp\/v2\/pages\/279","targetHints":{"allow":["GET"]}}],"collection":[{"href":"https:\/\/tanguyclerc.com\/index.php?rest_route=\/wp\/v2\/pages"}],"about":[{"href":"https:\/\/tanguyclerc.com\/index.php?rest_route=\/wp\/v2\/types\/page"}],"author":[{"embeddable":true,"href":"https:\/\/tanguyclerc.com\/index.php?rest_route=\/wp\/v2\/users\/1"}],"replies":[{"embeddable":true,"href":"https:\/\/tanguyclerc.com\/index.php?rest_route=%2Fwp%2Fv2%2Fcomments&post=279"}],"version-history":[{"count":12,"href":"https:\/\/tanguyclerc.com\/index.php?rest_route=\/wp\/v2\/pages\/279\/revisions"}],"predecessor-version":[{"id":856,"href":"https:\/\/tanguyclerc.com\/index.php?rest_route=\/wp\/v2\/pages\/279\/revisions\/856"}],"wp:attachment":[{"href":"https:\/\/tanguyclerc.com\/index.php?rest_route=%2Fwp%2Fv2%2Fmedia&parent=279"}],"curies":[{"name":"wp","href":"https:\/\/api.w.org\/{rel}","templated":true}]}}