{"id":256,"date":"2025-08-27T10:29:03","date_gmt":"2025-08-27T10:29:03","guid":{"rendered":"https:\/\/tanguyclerc.com\/?page_id=256"},"modified":"2025-12-04T12:20:49","modified_gmt":"2025-12-04T12:20:49","slug":"nage-libre","status":"publish","type":"page","link":"https:\/\/tanguyclerc.com\/?page_id=256","title":{"rendered":"NAGE LIBRE"},"content":{"rendered":"\n<p><strong>NAGE LIBRE<\/strong> <strong>(2021)<\/strong><\/p>\n\n\n\n<p class=\"has-medium-font-size\">Dans trois colonnes lumineuses en plexiglas remplies d&rsquo;eau, des grands <em><a href=\"https:\/\/tanguyclerc.com\/?page_id=156\" data-type=\"page\" data-id=\"156\">Crino\u00efdes Fous<\/a><\/em> de deux m\u00e8tres de haut tournoient comme des \u00eatres aquatiques en incubation. Chacun de ces \u00e9l\u00e9ments en mouvement sont ind\u00e9pendants, avec un al\u00e9atoire respectif.<br><br><em>Projet financ\u00e9 par l\u2019\u00c9cole et Espace d&rsquo;Art Camille Lambert de Juvisy-sur-Orge.<\/em><\/p>\n\n\n\n<figure class=\"wp-block-embed is-type-video is-provider-vimeo wp-block-embed-vimeo wp-embed-aspect-16-9 wp-has-aspect-ratio\"><div class=\"wp-block-embed__wrapper\">\n<iframe loading=\"lazy\" title=\"Nage Libre - Nuit Blanche 2021\" src=\"https:\/\/player.vimeo.com\/video\/633646640?dnt=1&amp;app_id=122963\" width=\"500\" height=\"281\" frameborder=\"0\" allow=\"autoplay; fullscreen; picture-in-picture; clipboard-write; encrypted-media; web-share\" referrerpolicy=\"strict-origin-when-cross-origin\"><\/iframe>\n<\/div><\/figure>\n","protected":false},"excerpt":{"rendered":"<p>NAGE LIBRE (2021) Dans trois colonnes lumineuses en plexiglas remplies d&rsquo;eau, des grands Crino\u00efdes Fous de deux m\u00e8tres de haut tournoient comme des \u00eatres aquatiques en incubation. Chacun de ces \u00e9l\u00e9ments en mouvement sont ind\u00e9pendants, avec un al\u00e9atoire respectif. Projet financ\u00e9 par l\u2019\u00c9cole et Espace d&rsquo;Art Camille Lambert de Juvisy-sur-Orge.<\/p>\n","protected":false},"author":1,"featured_media":0,"parent":0,"menu_order":0,"comment_status":"closed","ping_status":"closed","template":"page-no-title","meta":{"footnotes":""},"class_list":["post-256","page","type-page","status-publish","hentry"],"_links":{"self":[{"href":"https:\/\/tanguyclerc.com\/index.php?rest_route=\/wp\/v2\/pages\/256","targetHints":{"allow":["GET"]}}],"collection":[{"href":"https:\/\/tanguyclerc.com\/index.php?rest_route=\/wp\/v2\/pages"}],"about":[{"href":"https:\/\/tanguyclerc.com\/index.php?rest_route=\/wp\/v2\/types\/page"}],"author":[{"embeddable":true,"href":"https:\/\/tanguyclerc.com\/index.php?rest_route=\/wp\/v2\/users\/1"}],"replies":[{"embeddable":true,"href":"https:\/\/tanguyclerc.com\/index.php?rest_route=%2Fwp%2Fv2%2Fcomments&post=256"}],"version-history":[{"count":8,"href":"https:\/\/tanguyclerc.com\/index.php?rest_route=\/wp\/v2\/pages\/256\/revisions"}],"predecessor-version":[{"id":831,"href":"https:\/\/tanguyclerc.com\/index.php?rest_route=\/wp\/v2\/pages\/256\/revisions\/831"}],"wp:attachment":[{"href":"https:\/\/tanguyclerc.com\/index.php?rest_route=%2Fwp%2Fv2%2Fmedia&parent=256"}],"curies":[{"name":"wp","href":"https:\/\/api.w.org\/{rel}","templated":true}]}}