{"id":161,"date":"2025-08-25T09:37:26","date_gmt":"2025-08-25T09:37:26","guid":{"rendered":"https:\/\/tanguyclerc.com\/?page_id=161"},"modified":"2025-09-03T22:10:48","modified_gmt":"2025-09-03T22:10:48","slug":"161-2","status":"publish","type":"page","link":"https:\/\/tanguyclerc.com\/?page_id=161","title":{"rendered":"CRINO\u00cfDOPHONE"},"content":{"rendered":"\n<p><strong>CRINO\u00cfDOPHONE (2021)<\/strong><\/p>\n\n\n\n<p class=\"has-medium-font-size\"><em>\u00ab\u00a0<\/em>Le Crino\u00efdophone<em> con\u00e7ue en collaboration avec Tristan Dubus, est une sculpture sonore r\u00e9alis\u00e9e \u00e0 partir de mat\u00e9riau industriel de r\u00e9cup\u00e9ration. Reposant sur un pi\u00e9destal m\u00e9tallique, dans une grande cloche en plexiglas emplie de liquide transparent \u00e9clair\u00e9, des lambeaux de bandes magn\u00e9tiques r\u00e9cup\u00e9r\u00e9s dans des cassettes VHS sont suspendus et flottent dans le liquide. Par intermittence, de mani\u00e8re impr\u00e9visible, dans un mouvement discontinu de rotation, les morceaux de bandes magn\u00e9tiques sont actionn\u00e9s par un petit moteur dissimul\u00e9 dans le haut de la cloche qui les fait tournoyer dans le liquide. En tournant, les fragments se frottent sur deux t\u00eates de lecture de bande magn\u00e9tiques immerg\u00e9es dans le liquide. Il en r\u00e9sulte des bribes de son, des fragments d\u2019une m\u00e9moire cin\u00e9matographique impossible \u00e0 appr\u00e9hender autrement que dans une sorte de tournoiement sonore fugace et fascinant.\u00a0\u00bb<\/em><br>Philippe Langlois<\/p>\n\n\n\n<figure class=\"wp-block-embed is-type-video is-provider-vimeo wp-block-embed-vimeo wp-embed-aspect-16-9 wp-has-aspect-ratio\"><div class=\"wp-block-embed__wrapper\">\n<iframe loading=\"lazy\" title=\"Crino\u00efdophone\" src=\"https:\/\/player.vimeo.com\/video\/658286408?dnt=1&amp;app_id=122963\" width=\"500\" height=\"281\" frameborder=\"0\" allow=\"autoplay; fullscreen; picture-in-picture; clipboard-write; encrypted-media; web-share\" referrerpolicy=\"strict-origin-when-cross-origin\"><\/iframe>\n<\/div><\/figure>\n\n\n\n<figure class=\"wp-block-image aligncenter size-large is-resized\"><img loading=\"lazy\" decoding=\"async\" width=\"576\" height=\"1024\" src=\"http:\/\/tanguyclerc.com\/wp-content\/uploads\/2025\/09\/20211002_NB2021_Olivia-Bazenet_Athis-47_web-576x1024.jpg\" alt=\"\" class=\"wp-image-353\" style=\"width:448px;height:auto\" srcset=\"https:\/\/tanguyclerc.com\/wp-content\/uploads\/2025\/09\/20211002_NB2021_Olivia-Bazenet_Athis-47_web-576x1024.jpg 576w, https:\/\/tanguyclerc.com\/wp-content\/uploads\/2025\/09\/20211002_NB2021_Olivia-Bazenet_Athis-47_web-169x300.jpg 169w, https:\/\/tanguyclerc.com\/wp-content\/uploads\/2025\/09\/20211002_NB2021_Olivia-Bazenet_Athis-47_web-768x1365.jpg 768w, https:\/\/tanguyclerc.com\/wp-content\/uploads\/2025\/09\/20211002_NB2021_Olivia-Bazenet_Athis-47_web-864x1536.jpg 864w, https:\/\/tanguyclerc.com\/wp-content\/uploads\/2025\/09\/20211002_NB2021_Olivia-Bazenet_Athis-47_web-rotated-540x960.jpg 540w, https:\/\/tanguyclerc.com\/wp-content\/uploads\/2025\/09\/20211002_NB2021_Olivia-Bazenet_Athis-47_web-rotated.jpg 1080w\" sizes=\"auto, (max-width: 576px) 100vw, 576px\" \/><figcaption class=\"wp-element-caption\">image : Olivia Bazenet, Juvisy, 2021<\/figcaption><\/figure>\n\n\n\n<figure class=\"wp-block-image aligncenter size-large is-resized\"><img loading=\"lazy\" decoding=\"async\" width=\"734\" height=\"1024\" src=\"http:\/\/tanguyclerc.com\/wp-content\/uploads\/2025\/09\/Crinoidophone_Elena-2-734x1024.jpg\" alt=\"\" class=\"wp-image-355\" style=\"width:448px;height:auto\" srcset=\"https:\/\/tanguyclerc.com\/wp-content\/uploads\/2025\/09\/Crinoidophone_Elena-2-734x1024.jpg 734w, https:\/\/tanguyclerc.com\/wp-content\/uploads\/2025\/09\/Crinoidophone_Elena-2-215x300.jpg 215w, https:\/\/tanguyclerc.com\/wp-content\/uploads\/2025\/09\/Crinoidophone_Elena-2-768x1072.jpg 768w, https:\/\/tanguyclerc.com\/wp-content\/uploads\/2025\/09\/Crinoidophone_Elena-2-1100x1536.jpg 1100w, https:\/\/tanguyclerc.com\/wp-content\/uploads\/2025\/09\/Crinoidophone_Elena-2.jpg 1467w\" sizes=\"auto, (max-width: 734px) 100vw, 734px\" \/><figcaption class=\"wp-element-caption\">image : Elena Delahaye, 2022<\/figcaption><\/figure>\n\n\n\n<figure class=\"wp-block-image aligncenter size-large is-resized\"><img loading=\"lazy\" decoding=\"async\" width=\"683\" height=\"1024\" src=\"http:\/\/tanguyclerc.com\/wp-content\/uploads\/2025\/09\/LA-110Web-683x1024.jpg\" alt=\"\" class=\"wp-image-356\" style=\"width:448px;height:auto\" srcset=\"https:\/\/tanguyclerc.com\/wp-content\/uploads\/2025\/09\/LA-110Web-683x1024.jpg 683w, https:\/\/tanguyclerc.com\/wp-content\/uploads\/2025\/09\/LA-110Web-200x300.jpg 200w, https:\/\/tanguyclerc.com\/wp-content\/uploads\/2025\/09\/LA-110Web-768x1152.jpg 768w, https:\/\/tanguyclerc.com\/wp-content\/uploads\/2025\/09\/LA-110Web-1024x1536.jpg 1024w, https:\/\/tanguyclerc.com\/wp-content\/uploads\/2025\/09\/LA-110Web-1365x2048.jpg 1365w, https:\/\/tanguyclerc.com\/wp-content\/uploads\/2025\/09\/LA-110Web-scaled.jpg 1707w\" sizes=\"auto, (max-width: 683px) 100vw, 683px\" \/><figcaption class=\"wp-element-caption\">Juvisy, 2021<\/figcaption><\/figure>\n\n\n\n<figure class=\"wp-block-image aligncenter size-large is-resized\"><img loading=\"lazy\" decoding=\"async\" width=\"679\" height=\"1024\" src=\"http:\/\/tanguyclerc.com\/wp-content\/uploads\/2025\/09\/Crinoidophone_Elena-1-679x1024.jpg\" alt=\"\" class=\"wp-image-354\" style=\"width:448px;height:auto\" srcset=\"https:\/\/tanguyclerc.com\/wp-content\/uploads\/2025\/09\/Crinoidophone_Elena-1-679x1024.jpg 679w, https:\/\/tanguyclerc.com\/wp-content\/uploads\/2025\/09\/Crinoidophone_Elena-1-199x300.jpg 199w, https:\/\/tanguyclerc.com\/wp-content\/uploads\/2025\/09\/Crinoidophone_Elena-1-768x1158.jpg 768w, https:\/\/tanguyclerc.com\/wp-content\/uploads\/2025\/09\/Crinoidophone_Elena-1-1019x1536.jpg 1019w, https:\/\/tanguyclerc.com\/wp-content\/uploads\/2025\/09\/Crinoidophone_Elena-1.jpg 1358w\" sizes=\"auto, (max-width: 679px) 100vw, 679px\" \/><figcaption class=\"wp-element-caption\">image : Elena Delahaye, 2022<\/figcaption><\/figure>\n","protected":false},"excerpt":{"rendered":"<p>CRINO\u00cfDOPHONE (2021) \u00ab\u00a0Le Crino\u00efdophone con\u00e7ue en collaboration avec Tristan Dubus, est une sculpture sonore r\u00e9alis\u00e9e \u00e0 partir de mat\u00e9riau industriel de r\u00e9cup\u00e9ration. Reposant sur un pi\u00e9destal m\u00e9tallique, dans une grande cloche en plexiglas emplie de liquide transparent \u00e9clair\u00e9, des lambeaux de bandes magn\u00e9tiques r\u00e9cup\u00e9r\u00e9s dans des cassettes VHS sont suspendus et flottent dans le liquide. [&hellip;]<\/p>\n","protected":false},"author":1,"featured_media":0,"parent":0,"menu_order":0,"comment_status":"closed","ping_status":"closed","template":"page-no-title","meta":{"footnotes":""},"class_list":["post-161","page","type-page","status-publish","hentry"],"_links":{"self":[{"href":"https:\/\/tanguyclerc.com\/index.php?rest_route=\/wp\/v2\/pages\/161","targetHints":{"allow":["GET"]}}],"collection":[{"href":"https:\/\/tanguyclerc.com\/index.php?rest_route=\/wp\/v2\/pages"}],"about":[{"href":"https:\/\/tanguyclerc.com\/index.php?rest_route=\/wp\/v2\/types\/page"}],"author":[{"embeddable":true,"href":"https:\/\/tanguyclerc.com\/index.php?rest_route=\/wp\/v2\/users\/1"}],"replies":[{"embeddable":true,"href":"https:\/\/tanguyclerc.com\/index.php?rest_route=%2Fwp%2Fv2%2Fcomments&post=161"}],"version-history":[{"count":13,"href":"https:\/\/tanguyclerc.com\/index.php?rest_route=\/wp\/v2\/pages\/161\/revisions"}],"predecessor-version":[{"id":370,"href":"https:\/\/tanguyclerc.com\/index.php?rest_route=\/wp\/v2\/pages\/161\/revisions\/370"}],"wp:attachment":[{"href":"https:\/\/tanguyclerc.com\/index.php?rest_route=%2Fwp%2Fv2%2Fmedia&parent=161"}],"curies":[{"name":"wp","href":"https:\/\/api.w.org\/{rel}","templated":true}]}}