{"id":156,"date":"2025-08-25T09:30:29","date_gmt":"2025-08-25T09:30:29","guid":{"rendered":"https:\/\/tanguyclerc.com\/?page_id=156"},"modified":"2025-09-13T13:03:13","modified_gmt":"2025-09-13T13:03:13","slug":"156-2","status":"publish","type":"page","link":"https:\/\/tanguyclerc.com\/?page_id=156","title":{"rendered":"CRINO\u00cfDES FOUS"},"content":{"rendered":"\n<p class=\"is-style-default\"><strong>CRINO\u00cfDES FOUS<\/strong> <strong>(depuis 2018)<\/strong><\/p>\n\n\n\n<p class=\"is-style-default has-medium-font-size\">Dans diff\u00e9rents bocaux en verres, des algues aux rythmes al\u00e9atoires tournoient comme des \u00eatres aquatiques en incubation.<\/p>\n\n\n\n<div class=\"alignnormal\"><div id=\"metaslider-id-508\" style=\"width: 100%;\" class=\"ml-slider-3-105-0 metaslider metaslider-flex metaslider-508 ml-slider has-dots-nav ms-theme-architekt\" role=\"region\" aria-label=\"Crinoides Fous\" data-height=\"1080\" data-width=\"1920\">\n    <div id=\"metaslider_container_508\">\n        <div id=\"metaslider_508\">\n            <ul aria-live='off' class='slides'>\n                <li style=\"display: block; width: 100%;\" class=\"slide-522 ms-image \" aria-roledescription=\"slide\" data-date=\"2025-09-12 13:23:12\" data-filename=\"compressed-CrinoCN_Thumbnail-1916x1078.jpg\" data-slide-type=\"image\"><img loading=\"lazy\" decoding=\"async\" src=\"https:\/\/tanguyclerc.com\/wp-content\/uploads\/2025\/09\/compressed-CrinoCN_Thumbnail-1916x1078.jpg\" height=\"1080\" width=\"1920\" alt=\"\" class=\"slider-508 slide-522 msDefaultImage\" title=\"compressed-CrinoCN_Thumbnail\" \/><div class=\"caption-wrap\"><div class=\"caption\"><div><em>Crino\u00efde Fou CN,\u00a0<\/em>2022<\/div><\/div><\/div><\/li>\n                <li style=\"display: none; width: 100%;\" class=\"slide-523 ms-image \" aria-roledescription=\"slide\" data-date=\"2025-09-12 13:23:12\" data-filename=\"compressed-Crinoide-Fou-10_B-1916x1078.jpg\" data-slide-type=\"image\"><img loading=\"lazy\" decoding=\"async\" src=\"https:\/\/tanguyclerc.com\/wp-content\/uploads\/2025\/09\/compressed-Crinoide-Fou-10_B-1916x1078.jpg\" height=\"1080\" width=\"1920\" alt=\"\" class=\"slider-508 slide-523 msDefaultImage\" title=\"compressed-Crino\u00efde Fou #10_B\" \/><div class=\"caption-wrap\"><div class=\"caption\"><div><em>Crino\u00efde Fou #10<\/em>, 2021<\/div><\/div><\/div><\/li>\n                <li style=\"display: none; width: 100%;\" class=\"slide-518 ms-image \" aria-roledescription=\"slide\" data-date=\"2025-09-12 13:07:10\" data-filename=\"compressed-Crinoides-Fous-JC69.jpg\" data-slide-type=\"image\"><img loading=\"lazy\" decoding=\"async\" src=\"https:\/\/tanguyclerc.com\/wp-content\/uploads\/2025\/09\/compressed-Crinoides-Fous-JC69.jpg\" height=\"1080\" width=\"1920\" alt=\"\" class=\"slider-508 slide-518 msDefaultImage\" title=\"compressed-Crinoides Fous JC69\" \/><div class=\"caption-wrap\"><div class=\"caption\"><div> <div>Exposition <em>Jeune Cr\u00e9ation 69\u00e8me \u00e9dition<\/em>,<\/div> <div>Fondation Fiminco, Romainville, 2020<\/div> <\/div><\/div><\/div><\/li>\n                <li style=\"display: none; width: 100%;\" class=\"slide-514 ms-image \" aria-roledescription=\"slide\" data-date=\"2025-09-12 13:01:01\" data-filename=\"ISCREAMICECREAM-Laetitia-Striffling-2_BD-scaled-1920x1080.jpg\" data-slide-type=\"image\"><img loading=\"lazy\" decoding=\"async\" src=\"https:\/\/tanguyclerc.com\/wp-content\/uploads\/2025\/09\/ISCREAMICECREAM-Laetitia-Striffling-2_BD-scaled-1920x1080.jpg\" height=\"1080\" width=\"1920\" alt=\"\" class=\"slider-508 slide-514 msDefaultImage\" title=\"ISCREAMICECREAM-Laetitia-Striffling-(2)_BD\" \/><div class=\"caption-wrap\"><div class=\"caption\"><div> <div><em>I Scream, Ice Cream, <\/em>exposition curat\u00e9e par Noam Alon et Nadiejda Hachami<\/div> <div>Espace Niemeyer, Paris, 2021<\/div> <div>Image : Laetitia Striffling<\/div> <\/div><\/div><\/div><\/li>\n                <li style=\"display: none; width: 100%;\" class=\"slide-517 ms-image \" aria-roledescription=\"slide\" data-date=\"2025-09-12 13:07:06\" data-filename=\"compressed-CLERC_CrinoidesFous_MelodieGirard-1-1920x1080.jpg\" data-slide-type=\"image\"><img loading=\"lazy\" decoding=\"async\" src=\"https:\/\/tanguyclerc.com\/wp-content\/uploads\/2025\/09\/compressed-CLERC_CrinoidesFous_MelodieGirard-1-1920x1080.jpg\" height=\"1080\" width=\"1920\" alt=\"\" class=\"slider-508 slide-517 msDefaultImage\" title=\"compressed-CLERC_CrinoidesFous_MelodieGirard (1)\" \/><div class=\"caption-wrap\"><div class=\"caption\"><div>Exposition <em>Jeune Cr\u00e9ation 69\u00e8me \u00e9dition<\/em>,<\/div> <div>Fondation Fiminco, Romainville, 2020<\/div><\/div><\/div><\/li>\n                <li style=\"display: none; width: 100%;\" class=\"slide-548 ms-image \" aria-roledescription=\"slide\" data-date=\"2025-09-12 18:28:56\" data-filename=\"thumb-1.jpg\" data-slide-type=\"image\"><img loading=\"lazy\" decoding=\"async\" src=\"https:\/\/tanguyclerc.com\/wp-content\/uploads\/2025\/09\/thumb-1.jpg\" height=\"1080\" width=\"1920\" alt=\"\" class=\"slider-508 slide-548 msDefaultImage\" title=\"thumb\" \/><\/li>\n                <li style=\"display: none; width: 100%;\" class=\"slide-549 ms-image \" aria-roledescription=\"slide\" data-date=\"2025-09-12 18:28:56\" data-filename=\"thumb1-1.jpg\" data-slide-type=\"image\"><img loading=\"lazy\" decoding=\"async\" src=\"https:\/\/tanguyclerc.com\/wp-content\/uploads\/2025\/09\/thumb1-1.jpg\" height=\"1080\" width=\"1920\" alt=\"\" class=\"slider-508 slide-549 msDefaultImage\" title=\"thumb(1)\" \/><\/li>\n            <\/ul>\n        <\/div>\n        \n    <\/div>\n<\/div><\/div>\n\n\n\n<figure class=\"wp-block-embed is-type-video is-provider-vimeo wp-block-embed-vimeo wp-embed-aspect-16-9 wp-has-aspect-ratio\"><div class=\"wp-block-embed__wrapper\">\n<iframe loading=\"lazy\" title=\"Crino\u00efde Fou CN\" src=\"https:\/\/player.vimeo.com\/video\/706538732?dnt=1&amp;app_id=122963\" width=\"500\" height=\"281\" frameborder=\"0\" allow=\"autoplay; fullscreen; picture-in-picture; clipboard-write; encrypted-media; web-share\" referrerpolicy=\"strict-origin-when-cross-origin\"><\/iframe>\n<\/div><\/figure>\n\n\n\n<figure class=\"wp-block-embed is-type-video is-provider-vimeo wp-block-embed-vimeo wp-embed-aspect-16-9 wp-has-aspect-ratio\"><div class=\"wp-block-embed__wrapper\">\n<iframe loading=\"lazy\" title=\"Crino\u00efde Fou PRX\" src=\"https:\/\/player.vimeo.com\/video\/510778477?dnt=1&amp;app_id=122963\" width=\"500\" height=\"281\" frameborder=\"0\" allow=\"autoplay; fullscreen; picture-in-picture; clipboard-write; encrypted-media; web-share\" referrerpolicy=\"strict-origin-when-cross-origin\"><\/iframe>\n<\/div><\/figure>\n\n\n\n<figure class=\"wp-block-embed is-type-video is-provider-vimeo wp-block-embed-vimeo wp-embed-aspect-16-9 wp-has-aspect-ratio\"><div class=\"wp-block-embed__wrapper\">\n<iframe loading=\"lazy\" title=\"Crino\u00efde Fou #11\" src=\"https:\/\/player.vimeo.com\/video\/511104391?dnt=1&amp;app_id=122963\" width=\"500\" height=\"281\" frameborder=\"0\" allow=\"autoplay; fullscreen; picture-in-picture; clipboard-write; encrypted-media; web-share\" referrerpolicy=\"strict-origin-when-cross-origin\"><\/iframe>\n<\/div><\/figure>\n","protected":false},"excerpt":{"rendered":"<p>CRINO\u00cfDES FOUS (depuis 2018) Dans diff\u00e9rents bocaux en verres, des algues aux rythmes al\u00e9atoires tournoient comme des \u00eatres aquatiques en incubation.<\/p>\n","protected":false},"author":1,"featured_media":0,"parent":0,"menu_order":0,"comment_status":"closed","ping_status":"closed","template":"page-no-title","meta":{"footnotes":""},"class_list":["post-156","page","type-page","status-publish","hentry"],"_links":{"self":[{"href":"https:\/\/tanguyclerc.com\/index.php?rest_route=\/wp\/v2\/pages\/156","targetHints":{"allow":["GET"]}}],"collection":[{"href":"https:\/\/tanguyclerc.com\/index.php?rest_route=\/wp\/v2\/pages"}],"about":[{"href":"https:\/\/tanguyclerc.com\/index.php?rest_route=\/wp\/v2\/types\/page"}],"author":[{"embeddable":true,"href":"https:\/\/tanguyclerc.com\/index.php?rest_route=\/wp\/v2\/users\/1"}],"replies":[{"embeddable":true,"href":"https:\/\/tanguyclerc.com\/index.php?rest_route=%2Fwp%2Fv2%2Fcomments&post=156"}],"version-history":[{"count":17,"href":"https:\/\/tanguyclerc.com\/index.php?rest_route=\/wp\/v2\/pages\/156\/revisions"}],"predecessor-version":[{"id":595,"href":"https:\/\/tanguyclerc.com\/index.php?rest_route=\/wp\/v2\/pages\/156\/revisions\/595"}],"wp:attachment":[{"href":"https:\/\/tanguyclerc.com\/index.php?rest_route=%2Fwp%2Fv2%2Fmedia&parent=156"}],"curies":[{"name":"wp","href":"https:\/\/api.w.org\/{rel}","templated":true}]}}