{"id":119,"date":"2025-08-23T13:24:03","date_gmt":"2025-08-23T13:24:03","guid":{"rendered":"https:\/\/tanguyclerc.com\/?page_id=119"},"modified":"2025-09-12T13:59:30","modified_gmt":"2025-09-12T13:59:30","slug":"119-2","status":"publish","type":"page","link":"https:\/\/tanguyclerc.com\/?page_id=119","title":{"rendered":"SCULPTURES DE CARACT\u00c8RES"},"content":{"rendered":"\n<p><strong>SCULPTURES DE CARACT\u00c8RES<\/strong> <strong>(2016 -2022)<\/strong><\/p>\n\n\n\n<p class=\"has-medium-font-size\">D\u00e9tourn\u00e9s de leur fonction techniques, ces r\u00e2teliers de machines \u00e0 \u00e9crire sont mis en mouvement via diff\u00e9rents moteurs \u00e9lectriques. <\/p>\n\n\n\n<div class=\"alignnormal\"><div id=\"metaslider-id-527\" style=\"width: 100%;\" class=\"ml-slider-3-105-0 metaslider metaslider-flex metaslider-527 ml-slider has-dots-nav ms-theme-architekt\" role=\"region\" aria-label=\"Sculptures de Caract\u00e8res\" data-height=\"1080\" data-width=\"1920\">\n    <div id=\"metaslider_container_527\">\n        <div id=\"metaslider_527\">\n            <ul aria-live='off' class='slides'>\n                <li style=\"display: block; width: 100%;\" class=\"slide-538 ms-image \" aria-roledescription=\"slide\" data-date=\"2025-09-12 13:50:57\" data-filename=\"compressed-20211002_NB2021_elegenty-52-1280x720.jpg\" data-slide-type=\"image\"><img loading=\"lazy\" decoding=\"async\" src=\"https:\/\/tanguyclerc.com\/wp-content\/uploads\/2025\/09\/compressed-20211002_NB2021_elegenty-52-1280x720.jpg\" height=\"1080\" width=\"1920\" alt=\"\" class=\"slider-527 slide-538 msDefaultImage\" title=\"compressed-20211002_NB2021_elegenty (52)\" \/><div class=\"caption-wrap\"><div class=\"caption\"><div><em>Palindrome 3190<\/em><\/div> <div>Ecole Camille Lambert, Juvisy, 2021<\/div> <div>image : Emilie Legenty<\/div><\/div><\/div><\/li>\n                <li style=\"display: none; width: 100%;\" class=\"slide-536 ms-image \" aria-roledescription=\"slide\" data-date=\"2025-09-12 13:50:57\" data-filename=\"thumb5.jpg\" data-slide-type=\"image\"><img loading=\"lazy\" decoding=\"async\" src=\"https:\/\/tanguyclerc.com\/wp-content\/uploads\/2025\/09\/thumb5.jpg\" height=\"1080\" width=\"1920\" alt=\"\" class=\"slider-527 slide-536 msDefaultImage\" title=\"thumb(5)\" \/><div class=\"caption-wrap\"><div class=\"caption\"><div><em>Circulaire, <\/em>2020<\/div><\/div><\/div><\/li>\n                <li style=\"display: none; width: 100%;\" class=\"slide-537 ms-image \" aria-roledescription=\"slide\" data-date=\"2025-09-12 13:50:57\" data-filename=\"thumb.jpg\" data-slide-type=\"image\"><img loading=\"lazy\" decoding=\"async\" src=\"https:\/\/tanguyclerc.com\/wp-content\/uploads\/2025\/09\/thumb.jpg\" height=\"1080\" width=\"1920\" alt=\"\" class=\"slider-527 slide-537 msDefaultImage\" title=\"thumb\" \/><div class=\"caption-wrap\"><div class=\"caption\"><div><em>Bouclage<\/em>, 2023<\/div><\/div><\/div><\/li>\n                <li style=\"display: none; width: 100%;\" class=\"slide-539 ms-image \" aria-roledescription=\"slide\" data-date=\"2025-09-12 13:50:57\" data-filename=\"IMG_9358-scaled-1920x1080.jpg\" data-slide-type=\"image\"><img loading=\"lazy\" decoding=\"async\" src=\"https:\/\/tanguyclerc.com\/wp-content\/uploads\/2025\/09\/IMG_9358-scaled-1920x1080.jpg\" height=\"1080\" width=\"1920\" alt=\"\" class=\"slider-527 slide-539 msDefaultImage\" title=\"IMG_9358\" \/><div class=\"caption-wrap\"><div class=\"caption\"><div><em>Palindrome #1<\/em><\/div> <div>Festival Teryaki, Abbaye de l'Eppau, Le Mans, 2018<\/div><\/div><\/div><\/li>\n                <li style=\"display: none; width: 100%;\" class=\"slide-540 ms-image \" aria-roledescription=\"slide\" data-date=\"2025-09-12 13:50:57\" data-filename=\"thumb1.jpg\" data-slide-type=\"image\"><img loading=\"lazy\" decoding=\"async\" src=\"https:\/\/tanguyclerc.com\/wp-content\/uploads\/2025\/09\/thumb1.jpg\" height=\"1080\" width=\"1920\" alt=\"\" class=\"slider-527 slide-540 msDefaultImage\" title=\"thumb(1)\" \/><div class=\"caption-wrap\"><div class=\"caption\"><div><em>Doublon, <\/em>2023<\/div><\/div><\/div><\/li>\n                <li style=\"display: none; width: 100%;\" class=\"slide-541 ms-image \" aria-roledescription=\"slide\" data-date=\"2025-09-12 13:50:57\" data-filename=\"thumb2-scaled-1920x1080.jpg\" data-slide-type=\"image\"><img loading=\"lazy\" decoding=\"async\" src=\"https:\/\/tanguyclerc.com\/wp-content\/uploads\/2025\/09\/thumb2-scaled-1920x1080.jpg\" height=\"1080\" width=\"1920\" alt=\"\" class=\"slider-527 slide-541 msDefaultImage\" title=\"thumb(2)\" \/><div class=\"caption-wrap\"><div class=\"caption\"><div><em>Doublon, <\/em>2023<\/div><\/div><\/div><\/li>\n                <li style=\"display: none; width: 100%;\" class=\"slide-542 ms-image \" aria-roledescription=\"slide\" data-date=\"2025-09-12 13:50:57\" data-filename=\"thumb3.jpg\" data-slide-type=\"image\"><img loading=\"lazy\" decoding=\"async\" src=\"https:\/\/tanguyclerc.com\/wp-content\/uploads\/2025\/09\/thumb3.jpg\" height=\"1080\" width=\"1920\" alt=\"\" class=\"slider-527 slide-542 msDefaultImage\" title=\"thumb(3)\" \/><div class=\"caption-wrap\"><div class=\"caption\"><div><em>Palindrome #1<\/em><\/div> <div>Jeune Cr\u00e9ation, Romainville, 2020<\/div><\/div><\/div><\/li>\n                <li style=\"display: none; width: 100%;\" class=\"slide-543 ms-image \" aria-roledescription=\"slide\" data-date=\"2025-09-12 13:50:57\" data-filename=\"thumb4.jpg\" data-slide-type=\"image\"><img loading=\"lazy\" decoding=\"async\" src=\"https:\/\/tanguyclerc.com\/wp-content\/uploads\/2025\/09\/thumb4.jpg\" height=\"1080\" width=\"1920\" alt=\"\" class=\"slider-527 slide-543 msDefaultImage\" title=\"thumb(4)\" \/><div class=\"caption-wrap\"><div class=\"caption\"><div><em>Palindrome 3190<\/em><\/div> <div>Jeune Cr\u00e9ation, Romainville, 2020<\/div><\/div><\/div><\/li>\n            <\/ul>\n        <\/div>\n        \n    <\/div>\n<\/div><\/div>\n\n\n\n<figure class=\"wp-block-embed is-type-video is-provider-vimeo wp-block-embed-vimeo wp-embed-aspect-16-9 wp-has-aspect-ratio\"><div class=\"wp-block-embed__wrapper\">\n<iframe loading=\"lazy\" title=\"Bouclage\" src=\"https:\/\/player.vimeo.com\/video\/730964761?dnt=1&amp;app_id=122963\" width=\"500\" height=\"281\" frameborder=\"0\" allow=\"autoplay; fullscreen; picture-in-picture; clipboard-write; encrypted-media; web-share\" referrerpolicy=\"strict-origin-when-cross-origin\"><\/iframe>\n<\/div><\/figure>\n\n\n\n<figure class=\"wp-block-embed is-type-video is-provider-vimeo wp-block-embed-vimeo wp-embed-aspect-16-9 wp-has-aspect-ratio\"><div class=\"wp-block-embed__wrapper\">\n<iframe loading=\"lazy\" title=\"Doublon\" src=\"https:\/\/player.vimeo.com\/video\/706560505?dnt=1&amp;app_id=122963\" width=\"500\" height=\"281\" frameborder=\"0\" allow=\"autoplay; fullscreen; picture-in-picture; clipboard-write; encrypted-media; web-share\" referrerpolicy=\"strict-origin-when-cross-origin\"><\/iframe>\n<\/div><\/figure>\n\n\n\n<figure class=\"wp-block-embed is-type-video is-provider-vimeo wp-block-embed-vimeo wp-embed-aspect-16-9 wp-has-aspect-ratio\"><div class=\"wp-block-embed__wrapper\">\n<iframe loading=\"lazy\" title=\"Circulaire\" src=\"https:\/\/player.vimeo.com\/video\/514039630?dnt=1&amp;app_id=122963\" width=\"500\" height=\"281\" frameborder=\"0\" allow=\"autoplay; fullscreen; picture-in-picture; clipboard-write; encrypted-media; web-share\" referrerpolicy=\"strict-origin-when-cross-origin\"><\/iframe>\n<\/div><\/figure>\n\n\n\n<figure class=\"wp-block-embed is-type-video is-provider-vimeo wp-block-embed-vimeo wp-embed-aspect-16-9 wp-has-aspect-ratio\"><div class=\"wp-block-embed__wrapper\">\n<iframe loading=\"lazy\" title=\"Palindrome #1\" src=\"https:\/\/player.vimeo.com\/video\/388053387?dnt=1&amp;app_id=122963\" width=\"500\" height=\"281\" frameborder=\"0\" allow=\"autoplay; fullscreen; picture-in-picture; clipboard-write; encrypted-media; web-share\" referrerpolicy=\"strict-origin-when-cross-origin\"><\/iframe>\n<\/div><\/figure>\n\n\n\n<figure class=\"wp-block-embed is-type-video is-provider-vimeo wp-block-embed-vimeo wp-embed-aspect-16-9 wp-has-aspect-ratio\"><div class=\"wp-block-embed__wrapper\">\n<iframe loading=\"lazy\" title=\"Palindrome 3190\" src=\"https:\/\/player.vimeo.com\/video\/388052530?dnt=1&amp;app_id=122963\" width=\"500\" height=\"281\" frameborder=\"0\" allow=\"autoplay; fullscreen; picture-in-picture; clipboard-write; encrypted-media; web-share\" referrerpolicy=\"strict-origin-when-cross-origin\"><\/iframe>\n<\/div><\/figure>\n","protected":false},"excerpt":{"rendered":"<p>SCULPTURES DE CARACT\u00c8RES (2016 -2022) D\u00e9tourn\u00e9s de leur fonction techniques, ces r\u00e2teliers de machines \u00e0 \u00e9crire sont mis en mouvement via diff\u00e9rents moteurs \u00e9lectriques.<\/p>\n","protected":false},"author":1,"featured_media":0,"parent":0,"menu_order":0,"comment_status":"closed","ping_status":"closed","template":"page-no-title","meta":{"footnotes":""},"class_list":["post-119","page","type-page","status-publish","hentry"],"_links":{"self":[{"href":"https:\/\/tanguyclerc.com\/index.php?rest_route=\/wp\/v2\/pages\/119","targetHints":{"allow":["GET"]}}],"collection":[{"href":"https:\/\/tanguyclerc.com\/index.php?rest_route=\/wp\/v2\/pages"}],"about":[{"href":"https:\/\/tanguyclerc.com\/index.php?rest_route=\/wp\/v2\/types\/page"}],"author":[{"embeddable":true,"href":"https:\/\/tanguyclerc.com\/index.php?rest_route=\/wp\/v2\/users\/1"}],"replies":[{"embeddable":true,"href":"https:\/\/tanguyclerc.com\/index.php?rest_route=%2Fwp%2Fv2%2Fcomments&post=119"}],"version-history":[{"count":6,"href":"https:\/\/tanguyclerc.com\/index.php?rest_route=\/wp\/v2\/pages\/119\/revisions"}],"predecessor-version":[{"id":545,"href":"https:\/\/tanguyclerc.com\/index.php?rest_route=\/wp\/v2\/pages\/119\/revisions\/545"}],"wp:attachment":[{"href":"https:\/\/tanguyclerc.com\/index.php?rest_route=%2Fwp%2Fv2%2Fmedia&parent=119"}],"curies":[{"name":"wp","href":"https:\/\/api.w.org\/{rel}","templated":true}]}}