{"id":114,"date":"2025-08-23T13:18:30","date_gmt":"2025-08-23T13:18:30","guid":{"rendered":"https:\/\/tanguyclerc.com\/?page_id=114"},"modified":"2025-09-03T16:45:12","modified_gmt":"2025-09-03T16:45:12","slug":"a-tout-de-suite","status":"publish","type":"page","link":"https:\/\/tanguyclerc.com\/?page_id=114","title":{"rendered":"\u00c0 TOUT DE SUITE"},"content":{"rendered":"\n<p><strong>\u00c0 TOUT DE SUITE<\/strong> (2018)<\/p>\n\n\n\n<p class=\"has-medium-font-size\">Premi\u00e8res vacances d&rsquo;un ch\u00f4meur longue dur\u00e9e. <\/p>\n\n\n\n<figure class=\"wp-block-embed is-type-video is-provider-vimeo wp-block-embed-vimeo wp-embed-aspect-16-9 wp-has-aspect-ratio\"><div class=\"wp-block-embed__wrapper\">\n<iframe loading=\"lazy\" title=\"A tout de suite\" src=\"https:\/\/player.vimeo.com\/video\/293831994?dnt=1&amp;app_id=122963\" width=\"500\" height=\"281\" frameborder=\"0\" allow=\"autoplay; fullscreen; picture-in-picture; clipboard-write; encrypted-media; web-share\" referrerpolicy=\"strict-origin-when-cross-origin\"><\/iframe>\n<\/div><\/figure>\n\n\n\n<p class=\"has-medium-font-size\"><em>R\u00e9alis\u00e9 \u00e0 Caen dans le cadre du festival \u00ab\u00a0Marathon du court\u00a0\u00bb  en 2018. <br>th\u00e8me : \u00e0 bout de souffle<br>contraintes : r\u00e9alisation en 48h \/\/ cadre \u00ab\u00a0ville\u00a0\u00bb \/\/ 3 minutes<\/em><\/p>\n","protected":false},"excerpt":{"rendered":"<p>\u00c0 TOUT DE SUITE (2018) Premi\u00e8res vacances d&rsquo;un ch\u00f4meur longue dur\u00e9e. R\u00e9alis\u00e9 \u00e0 Caen dans le cadre du festival \u00ab\u00a0Marathon du court\u00a0\u00bb en 2018. th\u00e8me : \u00e0 bout de soufflecontraintes : r\u00e9alisation en 48h \/\/ cadre \u00ab\u00a0ville\u00a0\u00bb \/\/ 3 minutes<\/p>\n","protected":false},"author":1,"featured_media":0,"parent":0,"menu_order":0,"comment_status":"closed","ping_status":"closed","template":"page-no-title","meta":{"footnotes":""},"class_list":["post-114","page","type-page","status-publish","hentry"],"_links":{"self":[{"href":"https:\/\/tanguyclerc.com\/index.php?rest_route=\/wp\/v2\/pages\/114","targetHints":{"allow":["GET"]}}],"collection":[{"href":"https:\/\/tanguyclerc.com\/index.php?rest_route=\/wp\/v2\/pages"}],"about":[{"href":"https:\/\/tanguyclerc.com\/index.php?rest_route=\/wp\/v2\/types\/page"}],"author":[{"embeddable":true,"href":"https:\/\/tanguyclerc.com\/index.php?rest_route=\/wp\/v2\/users\/1"}],"replies":[{"embeddable":true,"href":"https:\/\/tanguyclerc.com\/index.php?rest_route=%2Fwp%2Fv2%2Fcomments&post=114"}],"version-history":[{"count":8,"href":"https:\/\/tanguyclerc.com\/index.php?rest_route=\/wp\/v2\/pages\/114\/revisions"}],"predecessor-version":[{"id":296,"href":"https:\/\/tanguyclerc.com\/index.php?rest_route=\/wp\/v2\/pages\/114\/revisions\/296"}],"wp:attachment":[{"href":"https:\/\/tanguyclerc.com\/index.php?rest_route=%2Fwp%2Fv2%2Fmedia&parent=114"}],"curies":[{"name":"wp","href":"https:\/\/api.w.org\/{rel}","templated":true}]}}