{"id":111,"date":"2025-08-23T13:14:12","date_gmt":"2025-08-23T13:14:12","guid":{"rendered":"https:\/\/tanguyclerc.com\/?page_id=111"},"modified":"2026-02-21T10:02:42","modified_gmt":"2026-02-21T10:02:42","slug":"111-2","status":"publish","type":"page","link":"https:\/\/tanguyclerc.com\/?page_id=111","title":{"rendered":"R\u00c9VEIL M\u00c9CANIQUE"},"content":{"rendered":"\n<p><strong>R\u00c9VEIL M\u00c9CANIQUE (2017)<\/strong><\/p>\n\n\n\n<p class=\"has-medium-font-size\">Vision post-apocalyptique du m\u00e9tro parisien.<\/p>\n\n\n\n<figure class=\"wp-block-embed is-type-video is-provider-vimeo wp-block-embed-vimeo wp-embed-aspect-16-9 wp-has-aspect-ratio\"><div class=\"wp-block-embed__wrapper\">\n<iframe loading=\"lazy\" title=\"R\u00e9veil M\u00e9canique\" src=\"https:\/\/player.vimeo.com\/video\/232323739?dnt=1&amp;app_id=122963\" width=\"500\" height=\"281\" frameborder=\"0\" allow=\"autoplay; fullscreen; picture-in-picture; clipboard-write; encrypted-media; web-share\" referrerpolicy=\"strict-origin-when-cross-origin\"><\/iframe>\n<\/div><\/figure>\n","protected":false},"excerpt":{"rendered":"<p>R\u00c9VEIL M\u00c9CANIQUE (2017) Vision post-apocalyptique du m\u00e9tro parisien.<\/p>\n","protected":false},"author":1,"featured_media":0,"parent":0,"menu_order":0,"comment_status":"closed","ping_status":"closed","template":"page-no-title","meta":{"footnotes":""},"class_list":["post-111","page","type-page","status-publish","hentry"],"_links":{"self":[{"href":"https:\/\/tanguyclerc.com\/index.php?rest_route=\/wp\/v2\/pages\/111","targetHints":{"allow":["GET"]}}],"collection":[{"href":"https:\/\/tanguyclerc.com\/index.php?rest_route=\/wp\/v2\/pages"}],"about":[{"href":"https:\/\/tanguyclerc.com\/index.php?rest_route=\/wp\/v2\/types\/page"}],"author":[{"embeddable":true,"href":"https:\/\/tanguyclerc.com\/index.php?rest_route=\/wp\/v2\/users\/1"}],"replies":[{"embeddable":true,"href":"https:\/\/tanguyclerc.com\/index.php?rest_route=%2Fwp%2Fv2%2Fcomments&post=111"}],"version-history":[{"count":9,"href":"https:\/\/tanguyclerc.com\/index.php?rest_route=\/wp\/v2\/pages\/111\/revisions"}],"predecessor-version":[{"id":842,"href":"https:\/\/tanguyclerc.com\/index.php?rest_route=\/wp\/v2\/pages\/111\/revisions\/842"}],"wp:attachment":[{"href":"https:\/\/tanguyclerc.com\/index.php?rest_route=%2Fwp%2Fv2%2Fmedia&parent=111"}],"curies":[{"name":"wp","href":"https:\/\/api.w.org\/{rel}","templated":true}]}}